{"id":31,"date":"2018-04-06T11:20:18","date_gmt":"2018-04-06T11:20:18","guid":{"rendered":"http:\/\/brandity-markenexperten.de\/?page_id=31"},"modified":"2018-05-30T14:16:25","modified_gmt":"2018-05-30T14:16:25","slug":"home","status":"publish","type":"page","link":"https:\/\/brandity-markenexperten.de\/","title":{"rendered":"Home"},"content":{"rendered":"<p>[et_pb_section fb_built=&#8220;1&#8243; admin_label=&#8220;Services&#8220; _builder_version=&#8220;3.4.1&#8243; custom_margin=&#8220;-10px|||-50px&#8220; custom_padding=&#8220;50px|0px|50px|0px&#8220;][et_pb_row custom_padding=&#8220;27px|0px|27px|1px|false|false&#8220; background_position_1=&#8220;top_left&#8220; background_position_2=&#8220;top_left&#8220; background_position_3=&#8220;top_left&#8220; background_repeat_1=&#8220;no-repeat&#8220; background_repeat_2=&#8220;no-repeat&#8220; background_repeat_3=&#8220;no-repeat&#8220; _builder_version=&#8220;3.0.106&#8243; background_color=&#8220;#ffffff&#8220; background_size=&#8220;initial&#8220; background_position=&#8220;top_left&#8220; background_repeat=&#8220;repeat&#8220;][et_pb_column type=&#8220;4_4&#8243; _builder_version=&#8220;3.0.47&#8243; parallax=&#8220;off&#8220; parallax_method=&#8220;on&#8220; background_position=&#8220;top_left&#8220; background_repeat=&#8220;no-repeat&#8220;][et_pb_text _builder_version=&#8220;3.0.106&#8243; text_font=&#8220;||||||||&#8220; text_text_color=&#8220;#012a91&#8243; text_orientation=&#8220;center&#8220; inline_fonts=&#8220;Abel,Muli&#8220;]<\/p>\n<p style=\"text-align: left;\"><span style=\"color: #686868;\"><span style=\"font-size: x-large; font-family: Muli; font-weight: normal;\">Wir sagen lieber gleich, was wir nicht machen: Marken.<\/span><span style=\"font-size: x-large; font-family: Muli;\"><br \/> Wie bitte? Markenexperten, die keine Marken machen?<\/span><\/span><\/p>\n<p style=\"text-align: left;\"><span style=\"font-size: x-large; color: #a9c938; font-family: Muli;\"><span style=\"font-family: Muli; font-weight: normal; font-size: x-large;\"><strong>Genau. Willkommen bei brandity!<\/strong><\/span><\/span><\/p>\n<p>[\/et_pb_text][\/et_pb_column][\/et_pb_row][et_pb_row custom_padding=&#8220;27px|0|27px|0px&#8220; _builder_version=&#8220;3.0.106&#8243;][et_pb_column type=&#8220;1_2&#8243; _builder_version=&#8220;3.0.106&#8243; parallax=&#8220;off&#8220; parallax_method=&#8220;on&#8220;][et_pb_text _builder_version=&#8220;3.0.106&#8243;]<\/p>\n<h4 style=\"text-align: left;\"><span style=\"color: #a9c938;\"><strong>Was machen wir dann?<\/strong><\/span><\/h4>\n<p style=\"text-align: left;\">Wir bringen zusammen, was zusammen geh\u00f6rt: Innen und Au\u00dfen. <strong><br \/> <\/strong>Das Prinzip dahinter:\u00a0 <strong>Identit\u00e4tsbasierte Markenf\u00fchrung<\/strong><\/p>\n<p>Klingt gewichtig? Ist wichtig! Und wie oft bei <em>wirklich <\/em>wichtigen Dingen, ist die Idee dahinter verbl\u00fcffend einfach: <strong>Marken werden nicht gemacht, Marken sind.<\/strong><\/p>\n<p>Diese Denkweise ist der Schl\u00fcssel f\u00fcr unsere Arbeit und: der entscheidende Perspektivwechsel f\u00fcr Ihr unternehmerisches Handeln.<br \/> Gemeinsam gehen wir auf Entdeckungsreise zum Kern Ihrer Marke\/n. Was wir dort finden? Ihre einzigartige Markenpers\u00f6nlichkeit. Das Original.<\/p>\n<p>Unser Blick von au\u00dfen gestaltet den Prozess ehrlich und ergebnisorientiert. Denn: Auf dem Weg zur Markenidentit\u00e4t kann es durchaus knirschen. Das Ergebnis lohnt sich: Die neue Klarheit \u00fcber die Identit\u00e4t Ihrer Marken wird Ihr Kompass. Sie bringt Orientierung f\u00fcr alle Entscheidungen und macht Ihr Unternehmen sp\u00fcrbar glaubw\u00fcrdig. Das wirkt \u2013 nach au\u00dfen und innen (Stichwort<strong><em>\u00a0<\/em><\/strong><strong><em>Employer Branding<\/em><\/strong>).<\/p>\n<p>[\/et_pb_text][et_pb_button button_url=&#8220;http:\/\/brandity-markenexperten.de\/wp-content\/uploads\/2018\/04\/Gastbeitrag-Employer-Branding-Netzwerk-Su%CC%88dbaden-07-2015.pdf&#8220; url_new_window=&#8220;on&#8220; button_text=&#8220;Gastbeitrag Employer Branding Netzwerk S\u00fcdbaden&#8220; _builder_version=&#8220;3.4.1&#8243; custom_button=&#8220;on&#8220; button_text_size=&#8220;15px&#8220; button_border_radius=&#8220;9px&#8220; button_font=&#8220;|700|||||||&#8220; button_icon=&#8220;%%20%%&#8220; box_shadow_style=&#8220;preset3&#8243; box_shadow_vertical=&#8220;6px&#8220; box_shadow_blur=&#8220;6px&#8220;][\/et_pb_button][\/et_pb_column][et_pb_column type=&#8220;1_2&#8243; _builder_version=&#8220;3.0.106&#8243; parallax=&#8220;off&#8220; parallax_method=&#8220;on&#8220;][et_pb_text _builder_version=&#8220;3.4.1&#8243;]<\/p>\n<h4><span style=\"color: #a9c938;\"><strong>Der wirksame Weg zur Marke? <\/strong><\/span><\/h4>\n<h4><span style=\"color: #a9c938;\"><strong>Selbst-Bewusst-Sein<\/strong><\/span><\/h4>\n<p>Wir begleiten Marken auf dem Weg zu sich selbst. Mit ebenso viel Menschenverstand\u00a0 wie Methoden-Kompetenz. Sprich: Wir bleiben auf dem Boden, denken mutig und handeln ganz praktisch.<\/p>\n<p><strong>Was ist, ist:<em>\u00a0 <\/em><\/strong>Wir holen Ihre Marke da ab, wo sie wirklich steht und \u2013 f\u00fchren Sie mit Ihnen genau dahin, wo sie wirkt.<\/p>\n<p><strong>Ich sehe was, was du nicht siehst:\u00a0 <\/strong>In Ihrer Marke steckt mehr, als bislang sichtbar ist. Analytisch und nachvollziehbar sp\u00fcren wir auch verborgene Eigenschaften auf und \u00f6ffnen den Blick f\u00fcr neue M\u00f6glichkeiten.<\/p>\n<p><strong>Gute Theorien sind praktisch: <em>\u00a0<\/em><\/strong>\u00a0Erfahrene Markenexperten bringen nat\u00fcrlich Tools und Fachwissen mit. Doch keine Sorge, wir bleiben nicht theoretisch. \u00a0Gute Markenstrategie hei\u00dft f\u00fcr uns: eine praktische Landkarte, mit der Sie sofort loslaufen k\u00f6nnen und \u2013 Ihre Marken sicher f\u00fchren. \u00a0Wir unterst\u00fctzen Sie beim Aufbruch und begleiten Sie unterwegs. Mit ideenreicher Kreation, exzellenter Umsetzung und spannender Kommunikation \u2013 direkt aus dem Herz Ihrer Marke.<\/p>\n<p>[\/et_pb_text][\/et_pb_column][\/et_pb_row][et_pb_row custom_width_px=&#8220;1896px&#8220; use_custom_gutter=&#8220;on&#8220; gutter_width=&#8220;2&#8243; custom_padding=&#8220;27px|0px|27px|0px&#8220; make_equal=&#8220;on&#8220; background_color_1=&#8220;rgba(137,137,137,0.12)&#8220; use_background_color_gradient_1=&#8220;on&#8220; background_color_gradient_start_1=&#8220;rgba(255,255,255,0.28)&#8220; background_color_gradient_end_1=&#8220;rgba(255,255,255,0.18)&#8220; background_color_gradient_type_1=&#8220;linear&#8220; background_color_gradient_direction_1=&#8220;140deg&#8220; background_color_gradient_start_position_1=&#8220;14%&#8220; background_color_gradient_end_position_1=&#8220;43%&#8220; background_color_gradient_overlays_image_1=&#8220;off&#8220; padding_top_1=&#8220;10px&#8220; padding_right_1=&#8220;10px&#8220; padding_bottom_1=&#8220;10px&#8220; padding_left_1=&#8220;10px&#8220; _builder_version=&#8220;3.4.1&#8243; use_background_color_gradient=&#8220;on&#8220; background_color_gradient_start=&#8220;rgba(255,255,255,0.06)&#8220; background_color_gradient_end=&#8220;rgba(255,255,255,0.22)&#8220;][et_pb_column type=&#8220;1_2&#8243; _builder_version=&#8220;3.0.106&#8243; padding_bottom=&#8220;10px&#8220; padding_left=&#8220;10px&#8220; padding_right=&#8220;10px&#8220; padding_top=&#8220;10px&#8220; background_color=&#8220;rgba(137,137,137,0.12)&#8220; parallax=&#8220;off&#8220; parallax_method=&#8220;on&#8220; use_background_color_gradient=&#8220;on&#8220; background_color_gradient_start=&#8220;rgba(255,255,255,0.28)&#8220; background_color_gradient_end=&#8220;rgba(255,255,255,0.18)&#8220; background_color_gradient_type=&#8220;linear&#8220; background_color_gradient_direction=&#8220;140deg&#8220; background_color_gradient_start_position=&#8220;14%&#8220; background_color_gradient_end_position=&#8220;43%&#8220; background_color_gradient_overlays_image=&#8220;off&#8220;][et_pb_text _builder_version=&#8220;3.0.106&#8243;]<\/p>\n<h4><span style=\"font-size: large; color: #686868;\"><strong>Die Website wird noch. Wir sind schon wer.<\/strong><\/span><\/h4>\n<p>Routiniers verschiedener Fachrichtungen, die eine Erfahrung teilen: Marke macht Marketing. Nicht umgekehrt. Also haben wir entschlossen die Seiten gewechselt, von drau\u00dfen nach drinnen.<\/p>\n<p>Einzeln ist jeder Experte auf seinem Gebiet. Gemeinsam sind wir Markenexperten. Der Clou: Der au\u00dfergew\u00f6hnliche Disziplinen-Mix garantiert, dass alle Ebenen der Marke sinnvoll ineinandergreifen.<\/p>\n<p>Bald erfahren Sie hier mehr.<\/p>\n<p>Oder noch besser: Sie lernen uns gleich pers\u00f6nlich kennen.<br \/>Ihre Ansprechpartnerin, Kopf und Herz der Agentur:<\/p>\n<p><span style=\"color: #686868;\"><strong>Stefanie Griesbaum, <br \/><\/strong>Markenexpertin und zertifizierte Employer Brand Managerin.<\/span><br \/><span style=\"color: #686868;\"> <strong>Telefon 0761 88860760<br \/><\/strong><\/span><span style=\"color: #686868;\"><strong><a style=\"color: #686868;\" href=\"mailto:office@brandity-markenexperten.de\">office@brandity-markenexperten.de<\/a><\/strong><\/span><\/p>\n<p>&nbsp;<\/p>\n<p>&nbsp;<\/p>\n<p>&nbsp;<\/p>\n<p>[\/et_pb_text][\/et_pb_column][et_pb_column type=&#8220;1_2&#8243; _builder_version=&#8220;3.0.106&#8243; parallax=&#8220;off&#8220; parallax_method=&#8220;on&#8220;][et_pb_image src=&#8220;http:\/\/brandity-markenexperten.de\/wp-content\/uploads\/2018\/04\/Stefanie-Griesbaum-e1527582249403.jpg&#8220; _builder_version=&#8220;3.4.1&#8243; max_width=&#8220;57%&#8220;][\/et_pb_image][et_pb_text _builder_version=&#8220;3.4.1&#8243; text_font=&#8220;||||||||&#8220; text_text_color=&#8220;#686868&#8243;]<\/p>\n<h3><span style=\"color: #a9c938;\"><strong>Interview <\/strong><\/span><\/h3>\n<p>[\/et_pb_text][et_pb_text _builder_version=&#8220;3.4.1&#8243;]<\/p>\n<p>Sie wollen es ganz genau wissen? Das kennen wir. Damit Sie uns besser verstehen, haben wir nachgebohrt \u2013 bei Stefanie Griesbaum. Was macht eine Expertin zur Expertin? Was kann Identit\u00e4tsbasierte Markenf\u00fchrung? Welchen Einfluss hat Markenidentit\u00e4t auf Employer Branding, die Attraktivit\u00e4t als Arbeitgeber?<\/p>\n<p>[\/et_pb_text][et_pb_button button_url=&#8220;http:\/\/brandity-markenexperten.de\/wp-content\/uploads\/2018\/04\/Interview-SG.pdf&#8220; button_text=&#8220;Hier geht es zum Interview&#8220; _builder_version=&#8220;3.4.1&#8243; custom_button=&#8220;on&#8220; button_text_size=&#8220;15px&#8220; button_border_radius=&#8220;10px&#8220; button_font=&#8220;|700|||||||&#8220; box_shadow_style=&#8220;preset3&#8243; box_shadow_vertical=&#8220;6px&#8220; box_shadow_blur=&#8220;6px&#8220;][\/et_pb_button][\/et_pb_column][\/et_pb_row][\/et_pb_section][et_pb_section fb_built=&#8220;1&#8243; admin_label=&#8220;Split Section&#8220; _builder_version=&#8220;3.0.78&#8243; custom_padding=&#8220;0px||0px|&#8220; animation_style=&#8220;fold&#8220; animation_direction=&#8220;bottom&#8220; animation_intensity_fold=&#8220;4%&#8220;][\/et_pb_section]<\/p>\n","protected":false},"excerpt":{"rendered":"<p>[et_pb_section fb_built=&#8220;1&#8243; admin_label=&#8220;Services&#8220; _builder_version=&#8220;3.4.1&#8243; custom_margin=&#8220;-10px|||-50px&#8220; custom_padding=&#8220;50px|0px|50px|0px&#8220;][et_pb_row custom_padding=&#8220;27px|0px|27px|1px|false|false&#8220; background_position_1=&#8220;top_left&#8220; background_position_2=&#8220;top_left&#8220; background_position_3=&#8220;top_left&#8220; background_repeat_1=&#8220;no-repeat&#8220; background_repeat_2=&#8220;no-repeat&#8220; background_repeat_3=&#8220;no-repeat&#8220; _builder_version=&#8220;3.0.106&#8243; background_color=&#8220;#ffffff&#8220; background_size=&#8220;initial&#8220; background_position=&#8220;top_left&#8220; background_repeat=&#8220;repeat&#8220;][et_pb_column type=&#8220;4_4&#8243; _builder_version=&#8220;3.0.47&#8243; parallax=&#8220;off&#8220; parallax_method=&#8220;on&#8220; background_position=&#8220;top_left&#8220; background_repeat=&#8220;no-repeat&#8220;][et_pb_text _builder_version=&#8220;3.0.106&#8243; text_font=&#8220;||||||||&#8220; text_text_color=&#8220;#012a91&#8243; text_orientation=&#8220;center&#8220; inline_fonts=&#8220;Abel,Muli&#8220;] Wir sagen lieber gleich, was wir nicht machen: Marken. Wie bitte? Markenexperten, die keine Marken machen? Genau. Willkommen bei brandity! [\/et_pb_text][\/et_pb_column][\/et_pb_row][et_pb_row custom_padding=&#8220;27px|0|27px|0px&#8220; _builder_version=&#8220;3.0.106&#8243;][et_pb_column type=&#8220;1_2&#8243; _builder_version=&#8220;3.0.106&#8243; parallax=&#8220;off&#8220; [&hellip;]<\/p>\n","protected":false},"author":1,"featured_media":0,"parent":0,"menu_order":0,"comment_status":"closed","ping_status":"closed","template":"","meta":{"_et_pb_use_builder":"on","_et_pb_old_content":"","_et_gb_content_width":"","footnotes":""},"_links":{"self":[{"href":"https:\/\/brandity-markenexperten.de\/index.php?rest_route=\/wp\/v2\/pages\/31"}],"collection":[{"href":"https:\/\/brandity-markenexperten.de\/index.php?rest_route=\/wp\/v2\/pages"}],"about":[{"href":"https:\/\/brandity-markenexperten.de\/index.php?rest_route=\/wp\/v2\/types\/page"}],"author":[{"embeddable":true,"href":"https:\/\/brandity-markenexperten.de\/index.php?rest_route=\/wp\/v2\/users\/1"}],"replies":[{"embeddable":true,"href":"https:\/\/brandity-markenexperten.de\/index.php?rest_route=%2Fwp%2Fv2%2Fcomments&post=31"}],"version-history":[{"count":48,"href":"https:\/\/brandity-markenexperten.de\/index.php?rest_route=\/wp\/v2\/pages\/31\/revisions"}],"predecessor-version":[{"id":259,"href":"https:\/\/brandity-markenexperten.de\/index.php?rest_route=\/wp\/v2\/pages\/31\/revisions\/259"}],"wp:attachment":[{"href":"https:\/\/brandity-markenexperten.de\/index.php?rest_route=%2Fwp%2Fv2%2Fmedia&parent=31"}],"curies":[{"name":"wp","href":"https:\/\/api.w.org\/{rel}","templated":true}]}}